{"id":2895,"date":"2019-02-26T04:34:15","date_gmt":"2019-02-26T04:34:15","guid":{"rendered":"https:\/\/clientmeets.com\/windowexpert\/home\/"},"modified":"2025-09-08T02:29:16","modified_gmt":"2025-09-08T06:29:16","slug":"accueil","status":"publish","type":"page","link":"https:\/\/windowsxperts.com\/fr\/","title":{"rendered":"Accueil"},"content":{"rendered":"<p>[vc_row full_width=\u00a0\u00bbstretch_row\u00a0\u00bb content_placement=\u00a0\u00bbmiddle\u00a0\u00bb background_color=\u00a0\u00bbcustom\u00a0\u00bb separator_type=\u00a0\u00bbcenter_curve_alt\u00a0\u00bb custom_separator_color=\u00a0\u00bb#f8f8f8&Prime; custom_background_color=\u00a0\u00bb#111111&Prime; background_image=\u00a0\u00bb2819&Prime; background_position=\u00a0\u00bbcenter\u00a0\u00bb separator_height=\u00a0\u00bblg:90&Prime;][vc_column][tm_spacer size=\u00a0\u00bbsm:180;lg:268&Prime;][tm_heading tag=\u00a0\u00bbh6&Prime; custom_google_font=\u00a0\u00bb\u00a0\u00bb align=\u00a0\u00bbcenter\u00a0\u00bb text_color=\u00a0\u00bbcustom\u00a0\u00bb custom_text_color=\u00a0\u00bb#ffffff\u00a0\u00bb font_size=\u00a0\u00bbsm:28;md:34;lg:40&Prime; line_height=\u00a0\u00bb1.2&Prime;]Windows Xperts[\/tm_heading][tm_spacer size=\u00a0\u00bblg:15&Prime;][tm_heading custom_google_font=\u00a0\u00bb\u00a0\u00bb align=\u00a0\u00bbcenter\u00a0\u00bb text_color=\u00a0\u00bbcustom\u00a0\u00bb custom_text_color=\u00a0\u00bb#ffffff\u00a0\u00bb font_size=\u00a0\u00bbxs:60;sm:60;md:60;lg:80&Prime; line_height=\u00a0\u00bb1.09&Prime;]Net Comme Du Cristal[\/tm_heading][tm_spacer size=\u00a0\u00bblg:56&Prime;][tm_button_group align=\u00a0\u00bbcenter\u00a0\u00bb][tm_button size=\u00a0\u00bbcustom\u00a0\u00bb button=\u00a0\u00bburl:https%3A%2F%2Fclienthub.getjobber.com%2Fclient_hubs%2Fe5471ab6-b695-4848-a1ae-640e64e58f95%2Fpublic%2Fwork_request%2Fnew%3Fsource%3Dsocial_media|title:Cliquez%20ici%20pour%20commencer%20votre%20r%C3%A9servation%20en%20ligne|target:_blank\u00a0\u00bb icon_align=\u00a0\u00bbleft\u00a0\u00bb icon_type=\u00a0\u00bbfontawesome5&Prime; icon_fontawesome5=\u00a0\u00bbfar fa-user-alt\u00a0\u00bb width=\u00a0\u00bb175&Prime; icon_font_size=\u00a0\u00bblg:14&Prime;][tm_button size=\u00a0\u00bbcustom\u00a0\u00bb button=\u00a0\u00bburl:https%3A%2F%2Fwindowsxperts.com%2Ffr%2Fcontact%2F|title:ou%20appelez%20nous%20maintenant!\u00a0\u00bb icon_align=\u00a0\u00bbleft\u00a0\u00bb icon_type=\u00a0\u00bbfontawesome5&Prime; icon_fontawesome5=\u00a0\u00bbfa fa-play\u00a0\u00bb color=\u00a0\u00bbcustom\u00a0\u00bb button_bg_color=\u00a0\u00bbcustom\u00a0\u00bb font_color=\u00a0\u00bbprimary\u00a0\u00bb button_border_color=\u00a0\u00bbcustom\u00a0\u00bb button_icon_color=\u00a0\u00bbprimary\u00a0\u00bb button_bg_color_hover=\u00a0\u00bbprimary\u00a0\u00bb font_color_hover=\u00a0\u00bbcustom\u00a0\u00bb button_border_color_hover=\u00a0\u00bbprimary\u00a0\u00bb button_icon_color_hover=\u00a0\u00bbcustom\u00a0\u00bb width=\u00a0\u00bb175&Prime; custom_font_color_hover=\u00a0\u00bb#ffffff\u00a0\u00bb custom_button_icon_color_hover=\u00a0\u00bb#ffffff\u00a0\u00bb icon_font_size=\u00a0\u00bblg:10&Prime; custom_button_bg_color=\u00a0\u00bb#ffffff\u00a0\u00bb custom_button_border_color=\u00a0\u00bb#ffffff\u00a0\u00bb][\/tm_button_group][tm_spacer size=\u00a0\u00bblg:258&Prime;][\/vc_column][\/vc_row][vc_section full_width=\u00a0\u00bbstretch_row\u00a0\u00bb background_color=\u00a0\u00bbcustom\u00a0\u00bb custom_background_color=\u00a0\u00bb#f8f8f8&Prime; el_id=\u00a0\u00bbsection-consultation\u00a0\u00bb custom_css=\u00a0\u00bbJTIzc2VjdGlvbi1jb25zdWx0YXRpb24lN0IlMjBtYXJnaW4tdG9wJTNBLTJweCUzQiUyMCU3RA==\u00a0\u00bb][vc_row lg_spacing=\u00a0\u00bbpadding_top:120;padding_bottom:111&Prime; sm_spacing=\u00a0\u00bbpadding_top:100;padding_bottom:100&Prime;][vc_column offset=\u00a0\u00bbvc_col-md-offset-1 vc_col-md-4&Prime;][tm_heading style=\u00a0\u00bbmodern-number-01&Prime; custom_google_font=\u00a0\u00bb\u00a0\u00bb max_width=\u00a0\u00bb330px\u00a0\u00bb]<mark>L<\/mark>aveur de[\/tm_heading][tm_spacer size=\u00a0\u00bblg:24&Prime;][tm_heading tag=\u00a0\u00bbh4&Prime; custom_google_font=\u00a0\u00bb\u00a0\u00bb font_size=\u00a0\u00bbsm:28;md:34;lg:40&Prime; line_height=\u00a0\u00bb1.4&Prime;]Vitres Experts <mark>\u00e0 Montr\u00e9al<\/mark>[\/tm_heading][tm_spacer size=\u00a0\u00bbsm:50&Prime;][\/vc_column][vc_column width=\u00a0\u00bb1\/2&Prime;][vc_column_text css=\u00a0\u00bb.vc_custom_1616849119436{margin-bottom: 30px !important;}\u00a0\u00bb]Avec plus de 15 ans d&rsquo;experience, Windows XPerts est fier d&rsquo;offrir un service rapide, fiable et de qualit\u00e9 pour tous vos besoins en nettoyages de vitres \u00e0 Montr\u00e9al et ces environs.<\/p>\n<p>Nous sommes une entreprise professionnelle et assur\u00e9, nous insistons sur le service personnalis\u00e9 et le respect de tous les besoins de nos clients et garantissons votre satisfaction. Nous sommes soucieux de l&rsquo;environnement et utilisons des produits \u00e9co-responsables sans danger pour vous et votre famille afin de minimiser notre impact sur la plan\u00e8te. Notre objectif final est votre enti\u00e8re satisfaction, nous vous invitons \u00e0 rejoindre notre famille grandissante de clients satisfaits![\/vc_column_text][\/vc_column][\/vc_row][\/vc_section][vc_row full_width=\u00a0\u00bbstretch_row\u00a0\u00bb][vc_column][tm_spacer size=\u00a0\u00bbsm:104;lg:124&Prime;][vc_row_inner content_placement=\u00a0\u00bbmiddle\u00a0\u00bb][vc_column_inner width=\u00a0\u00bb2\/3&Prime;][tm_heading style=\u00a0\u00bbmodern\u00a0\u00bb custom_google_font=\u00a0\u00bb\u00a0\u00bb text_color=\u00a0\u00bbcustom\u00a0\u00bb custom_text_color=\u00a0\u00bb#ababab\u00a0\u00bb]Services que nous fournissons[\/tm_heading][tm_spacer size=\u00a0\u00bblg:25&Prime;][tm_heading tag=\u00a0\u00bbh4&Prime; custom_google_font=\u00a0\u00bb\u00a0\u00bb font_size=\u00a0\u00bbsm:28;md:34;lg:40&Prime; line_height=\u00a0\u00bb1.4&Prime;]Nous faisons tout![\/tm_heading][tm_spacer size=\u00a0\u00bbxs:30&Prime;][\/vc_column_inner][vc_column_inner width=\u00a0\u00bb1\/3&Prime;][tm_button size=\u00a0\u00bbcustom\u00a0\u00bb button=\u00a0\u00bburl:https%3A%2F%2Fclienthub.getjobber.com%2Fclient_hubs%2Fe5471ab6-b695-4848-a1ae-640e64e58f95%2Fpublic%2Fwork_request%2Fnew|title:Clicker%20ici%20pour%20une%20estimation%20gratuite\u00a0\u00bb icon_align=\u00a0\u00bbleft\u00a0\u00bb align=\u00a0\u00bbright\u00a0\u00bb xs_align=\u00a0\u00bbleft\u00a0\u00bb width=\u00a0\u00bb180&Prime; icon_font_size=\u00a0\u00bblg:14&Prime;][\/vc_column_inner][\/vc_row_inner][tm_spacer size=\u00a0\u00bblg:66&Prime;][tm_grid centered_items=\u00a0\u00bb1&Prime; equal_height=\u00a0\u00bb1&Prime; columns=\u00a0\u00bbxs:1;sm:2;md:3;lg:4&Prime; column_gutter=\u00a0\u00bblg:30&Prime; row_gutter=\u00a0\u00bblg:30&Prime;][tm_box_image image_size=\u00a0\u00bbfull\u00a0\u00bb align=\u00a0\u00bbcenter\u00a0\u00bb image=\u00a0\u00bb2832&Prime; heading=\u00a0\u00bbLavage de vitres int\u00e9rieur et ext\u00e9rieur\u00a0\u00bb text=\u00a0\u00bbAvec plus de 15 ans d&rsquo;expr\u00e9rience, WindowsXperts offre un lavage de vitres int\u00e9rieur et extr\u00e9rieur professionel.\u00a0\u00bb][tm_box_image image_size=\u00a0\u00bbfull\u00a0\u00bb align=\u00a0\u00bbcenter\u00a0\u00bb image=\u00a0\u00bb2835&Prime; heading=\u00a0\u00bbChangement d&rsquo;ampoules\u00a0\u00bb text=\u00a0\u00bbFaites confience \u00e0 WindowsXperts pour beaucoup plus que votre lavage de vitres! Nous offrons un service de changement d&rsquo;ampoule rapide et fiable pour toutes les types de luminaires quelque soit la hauteur!\u00a0\u00bb][tm_box_image image_size=\u00a0\u00bbfull\u00a0\u00bb align=\u00a0\u00bbcenter\u00a0\u00bb image=\u00a0\u00bb3050&Prime; heading=\u00a0\u00bbR\u00e9paration et entretien de moustiquaires\u00a0\u00bb text=\u00a0\u00bbAvez-vous un moustiquaire qui vous cause des ennuis? Appelez nous aujourd&rsquo;hui pour l&rsquo;entretien et le remplacement de tout types de moustiquaires.\u00a0\u00bb][tm_box_image image_size=\u00a0\u00bbfull\u00a0\u00bb align=\u00a0\u00bbcenter\u00a0\u00bb image=\u00a0\u00bb3052&Prime; heading=\u00a0\u00bbNettoyage de goutti\u00e8re\u00a0\u00bb text=\u00a0\u00bbAu cours des saisons, il est important de garder vos goutti\u00e8res propre pour assurer une bonne circulation d&rsquo;eau et garder l&rsquo;int\u00e9rieur de votre maison au sec. WindowsXperts vous assure un nettoyage de goutti\u00e8res rapide et professionnel pour tous les types de maisons.\u00a0\u00bb][tm_box_image image_size=\u00a0\u00bbfull\u00a0\u00bb align=\u00a0\u00bbcenter\u00a0\u00bb image=\u00a0\u00bb3163&Prime; heading=\u00a0\u00bbLavage sous pression\u00a0\u00bb text=\u00a0\u00bbRedonnez de l&rsquo;\u00e9clat \u00e0 vos fen\u00eatres gr\u00e2ce \u00e0 notre service expert de lavage \u00e0 pression. WindowsXperts \u00e9limine en toute s\u00e9curit\u00e9 la salet\u00e9, la crasse et les accumulations pour une finition impeccable et sans traces.\u00a0\u00bb][tm_box_image image_size=\u00a0\u00bbfull\u00a0\u00bb align=\u00a0\u00bbcenter\u00a0\u00bb image=\u00a0\u00bb3169&Prime; heading=\u00a0\u00bbNettoyer les lustres\u00a0\u00bb text=\u00a0\u00bbNous offrons un nettoyage professionnel et m\u00e9ticuleux pour les luminaires en cristal, en verre et anciens.\u00a0\u00bb][\/tm_grid][tm_spacer size=\u00a0\u00bblg:120&Prime;][\/vc_column][\/vc_row][vc_row full_width=\u00a0\u00bbstretch_row\u00a0\u00bb equal_height=\u00a0\u00bbyes\u00a0\u00bb content_placement=\u00a0\u00bbbottom\u00a0\u00bb background_color=\u00a0\u00bbcustom\u00a0\u00bb background_size=\u00a0\u00bbauto\u00a0\u00bb custom_background_color=\u00a0\u00bb#002fa6&Prime; background_image=\u00a0\u00bb379&Prime; lg_spacing=\u00a0\u00bbpadding_top:70;padding_bottom:70&Prime; background_position=\u00a0\u00bbtop right\u00a0\u00bb sm_spacing=\u00a0\u00bbpadding_top:100;padding_bottom:100&Prime;][vc_column width=\u00a0\u00bb1\/2&Prime;][tm_heading style=\u00a0\u00bbleft-line\u00a0\u00bb custom_google_font=\u00a0\u00bb\u00a0\u00bb text_color=\u00a0\u00bbcustom\u00a0\u00bb custom_text_color=\u00a0\u00bb#ffffff\u00a0\u00bb max_width=\u00a0\u00bb470px\u00a0\u00bb]Commencez votre projet d\u00e8s aujourd&rsquo;hui![\/tm_heading][tm_spacer size=\u00a0\u00bblg:12&Prime;][tm_heading tag=\u00a0\u00bbdiv\u00a0\u00bb custom_google_font=\u00a0\u00bb\u00a0\u00bb text_color=\u00a0\u00bbcustom\u00a0\u00bb custom_text_color=\u00a0\u00bb#ffffff\u00a0\u00bb font_size=\u00a0\u00bblg:18&Prime; line_height=\u00a0\u00bb1.67&Prime; css=\u00a0\u00bb.vc_custom_1617865144719{margin-left: 34px !important;}\u00a0\u00bb]Remplissez le formulaire ou<br \/>\nappelez-nous et nous prendrons soin de vous.[\/tm_heading][tm_spacer size=\u00a0\u00bbxs:40&Prime;][\/vc_column][vc_column width=\u00a0\u00bb1\/2&Prime;][tm_icon icon_type=\u00a0\u00bbfontawesome5&Prime; icon_fontawesome5=\u00a0\u00bbfal fa-phone\u00a0\u00bb align=\u00a0\u00bbcenter\u00a0\u00bb icon_color=\u00a0\u00bbcustom\u00a0\u00bb custom_icon_color=\u00a0\u00bb#ffffff\u00a0\u00bb font_size=\u00a0\u00bblg:40&Prime;][tm_spacer size=\u00a0\u00bblg:16&Prime;][tm_heading style=\u00a0\u00bbmodern-02&Prime; custom_google_font=\u00a0\u00bb\u00a0\u00bb align=\u00a0\u00bbcenter\u00a0\u00bb text_color=\u00a0\u00bbcustom\u00a0\u00bb custom_text_color=\u00a0\u00bbrgba(255,255,255,0.8)\u00a0\u00bb]APPEL POUR PLUS D&rsquo;INFORMATIONS[\/tm_heading][tm_spacer size=\u00a0\u00bblg:3&Prime;][tm_heading custom_google_font=\u00a0\u00bb\u00a0\u00bb align=\u00a0\u00bbcenter\u00a0\u00bb text_color=\u00a0\u00bbsecondary\u00a0\u00bb hover_text_color=\u00a0\u00bbsecondary\u00a0\u00bb font_size=\u00a0\u00bbsm:36;md:42;lg:48&Prime; line_height=\u00a0\u00bb1.17&Prime;]<a href=\"tel:5149792992\">514 979 2992<\/a>[\/tm_heading][tm_spacer size=\u00a0\u00bblg:26&Prime;][tm_button size=\u00a0\u00bbcustom\u00a0\u00bb button=\u00a0\u00bburl:https%3A%2F%2Fwindowsxperts.com%2Ffr%2Festimatation%2F|title:Clicker%20ici%20pour%20une%20estimation%20gratuite\u00a0\u00bb align=\u00a0\u00bbcenter\u00a0\u00bb color=\u00a0\u00bbcustom\u00a0\u00bb button_bg_color=\u00a0\u00bbcustom\u00a0\u00bb font_color=\u00a0\u00bbprimary\u00a0\u00bb button_border_color=\u00a0\u00bbcustom\u00a0\u00bb button_bg_color_hover=\u00a0\u00bbsecondary\u00a0\u00bb font_color_hover=\u00a0\u00bbcustom\u00a0\u00bb button_border_color_hover=\u00a0\u00bbsecondary\u00a0\u00bb width=\u00a0\u00bb230&Prime; custom_button_bg_color=\u00a0\u00bb#ffffff\u00a0\u00bb custom_button_border_color=\u00a0\u00bb#ffffff\u00a0\u00bb custom_font_color_hover=\u00a0\u00bb#ffffff\u00a0\u00bb][\/vc_column][\/vc_row]<\/p>\n","protected":false},"excerpt":{"rendered":"<p>[vc_row full_width=\u00a0\u00bbstretch_row\u00a0\u00bb content_placement=\u00a0\u00bbmiddle\u00a0\u00bb background_color=\u00a0\u00bbcustom\u00a0\u00bb separator_type=\u00a0\u00bbcenter_curve_alt\u00a0\u00bb custom_separator_color=\u00a0\u00bb#f8f8f8&Prime; custom_background_color=\u00a0\u00bb#111111&Prime; background_image=\u00a0\u00bb2819&Prime; background_position=\u00a0\u00bbcenter\u00a0\u00bb separator_height=\u00a0\u00bblg:90&Prime;][vc_column][tm_spacer size=\u00a0\u00bbsm:180;lg:268&Prime;][tm_heading tag=\u00a0\u00bbh6&Prime; custom_google_font=\u00a0\u00bb\u00a0\u00bb align=\u00a0\u00bbcenter\u00a0\u00bb text_color=\u00a0\u00bbcustom\u00a0\u00bb custom_text_color=\u00a0\u00bb#ffffff\u00a0\u00bb font_size=\u00a0\u00bbsm:28;md:34;lg:40&Prime; line_height=\u00a0\u00bb1.2&Prime;]Windows Xperts[\/tm_heading][tm_spacer size=\u00a0\u00bblg:15&Prime;][tm_heading custom_google_font=\u00a0\u00bb\u00a0\u00bb align=\u00a0\u00bbcenter\u00a0\u00bb text_color=\u00a0\u00bbcustom\u00a0\u00bb custom_text_color=\u00a0\u00bb#ffffff\u00a0\u00bb font_size=\u00a0\u00bbxs:60;sm:60;md:60;lg:80&Prime; line_height=\u00a0\u00bb1.09&Prime;]Net Comme Du Cristal[\/tm_heading][tm_spacer size=\u00a0\u00bblg:56&Prime;][tm_button_group align=\u00a0\u00bbcenter\u00a0\u00bb][tm_button size=\u00a0\u00bbcustom\u00a0\u00bb button=\u00a0\u00bburl:https%3A%2F%2Fclienthub.getjobber.com%2Fclient_hubs%2Fe5471ab6-b695-4848-a1ae-640e64e58f95%2Fpublic%2Fwork_request%2Fnew%3Fsource%3Dsocial_media|title:Cliquez%20ici%20pour%20commencer%20votre%20r%C3%A9servation%20en%20ligne|target:_blank\u00a0\u00bb icon_align=\u00a0\u00bbleft\u00a0\u00bb icon_type=\u00a0\u00bbfontawesome5&Prime; icon_fontawesome5=\u00a0\u00bbfar fa-user-alt\u00a0\u00bb width=\u00a0\u00bb175&Prime; icon_font_size=\u00a0\u00bblg:14&Prime;][tm_button size=\u00a0\u00bbcustom\u00a0\u00bb button=\u00a0\u00bburl:https%3A%2F%2Fwindowsxperts.com%2Ffr%2Fcontact%2F|title:ou%20appelez%20nous%20maintenant!\u00a0\u00bb icon_align=\u00a0\u00bbleft\u00a0\u00bb icon_type=\u00a0\u00bbfontawesome5&Prime; icon_fontawesome5=\u00a0\u00bbfa fa-play\u00a0\u00bb color=\u00a0\u00bbcustom\u00a0\u00bb button_bg_color=\u00a0\u00bbcustom\u00a0\u00bb font_color=\u00a0\u00bbprimary\u00a0\u00bb button_border_color=\u00a0\u00bbcustom\u00a0\u00bb button_icon_color=\u00a0\u00bbprimary\u00a0\u00bb button_bg_color_hover=\u00a0\u00bbprimary\u00a0\u00bb font_color_hover=\u00a0\u00bbcustom\u00a0\u00bb button_border_color_hover=\u00a0\u00bbprimary\u00a0\u00bb button_icon_color_hover=\u00a0\u00bbcustom\u00a0\u00bb width=\u00a0\u00bb175&Prime; custom_font_color_hover=\u00a0\u00bb#ffffff\u00a0\u00bb custom_button_icon_color_hover=\u00a0\u00bb#ffffff\u00a0\u00bb icon_font_size=\u00a0\u00bblg:10&Prime; custom_button_bg_color=\u00a0\u00bb#ffffff\u00a0\u00bb custom_button_border_color=\u00a0\u00bb#ffffff\u00a0\u00bb][\/tm_button_group][tm_spacer size=\u00a0\u00bblg:258&Prime;][\/vc_column][\/vc_row][vc_section full_width=\u00a0\u00bbstretch_row\u00a0\u00bb background_color=\u00a0\u00bbcustom\u00a0\u00bb custom_background_color=\u00a0\u00bb#f8f8f8&Prime; el_id=\u00a0\u00bbsection-consultation\u00a0\u00bb custom_css=\u00a0\u00bbJTIzc2VjdGlvbi1jb25zdWx0YXRpb24lN0IlMjBtYXJnaW4tdG9wJTNBLTJweCUzQiUyMCU3RA==\u00a0\u00bb][vc_row lg_spacing=\u00a0\u00bbpadding_top:120;padding_bottom:111&Prime; sm_spacing=\u00a0\u00bbpadding_top:100;padding_bottom:100&Prime;][vc_column offset=\u00a0\u00bbvc_col-md-offset-1 vc_col-md-4&Prime;][tm_heading style=\u00a0\u00bbmodern-number-01&Prime; custom_google_font=\u00a0\u00bb\u00a0\u00bb max_width=\u00a0\u00bb330px\u00a0\u00bb]Laveur de[\/tm_heading][tm_spacer size=\u00a0\u00bblg:24&Prime;][tm_heading tag=\u00a0\u00bbh4&Prime; custom_google_font=\u00a0\u00bb\u00a0\u00bb font_size=\u00a0\u00bbsm:28;md:34;lg:40&Prime; line_height=\u00a0\u00bb1.4&Prime;]Vitres Experts \u00e0 Montr\u00e9al[\/tm_heading][tm_spacer size=\u00a0\u00bbsm:50&Prime;][\/vc_column][vc_column width=\u00a0\u00bb1\/2&Prime;][vc_column_text css=\u00a0\u00bb.vc_custom_1616849119436{margin-bottom: 30px !important;}\u00a0\u00bb]Avec plus de 15 ans d&rsquo;experience, Windows XPerts est fier d&rsquo;offrir un service rapide, fiable et de qualit\u00e9 pour tous vos besoins en nettoyages de vitres \u00e0 Montr\u00e9al et ces environs. Nous sommes une entreprise professionnelle et assur\u00e9, nous insistons sur le service personnalis\u00e9 et le respect de tous les besoins de nos clients et garantissons votre satisfaction. Nous sommes soucieux de l&rsquo;environnement et utilisons des produits \u00e9co-responsables sans danger pour vous et votre famille afin de minimiser notre impact sur la plan\u00e8te. Notre objectif final est votre enti\u00e8re satisfaction, nous vous invitons \u00e0 rejoindre notre famille grandissante de clients satisfaits![\/vc_column_text][\/vc_column][\/vc_row][\/vc_section][vc_row full_width=\u00a0\u00bbstretch_row\u00a0\u00bb][vc_column][tm_spacer size=\u00a0\u00bbsm:104;lg:124&Prime;][vc_row_inner content_placement=\u00a0\u00bbmiddle\u00a0\u00bb][vc_column_inner width=\u00a0\u00bb2\/3&Prime;][tm_heading style=\u00a0\u00bbmodern\u00a0\u00bb custom_google_font=\u00a0\u00bb\u00a0\u00bb text_color=\u00a0\u00bbcustom\u00a0\u00bb custom_text_color=\u00a0\u00bb#ababab\u00a0\u00bb]Services que nous fournissons[\/tm_heading][tm_spacer size=\u00a0\u00bblg:25&Prime;][tm_heading tag=\u00a0\u00bbh4&Prime; custom_google_font=\u00a0\u00bb\u00a0\u00bb font_size=\u00a0\u00bbsm:28;md:34;lg:40&Prime; line_height=\u00a0\u00bb1.4&Prime;]Nous faisons tout![\/tm_heading][tm_spacer size=\u00a0\u00bbxs:30&Prime;][\/vc_column_inner][vc_column_inner width=\u00a0\u00bb1\/3&Prime;][tm_button size=\u00a0\u00bbcustom\u00a0\u00bb button=\u00a0\u00bburl:https%3A%2F%2Fclienthub.getjobber.com%2Fclient_hubs%2Fe5471ab6-b695-4848-a1ae-640e64e58f95%2Fpublic%2Fwork_request%2Fnew|title:Clicker%20ici%20pour%20une%20estimation%20gratuite\u00a0\u00bb icon_align=\u00a0\u00bbleft\u00a0\u00bb align=\u00a0\u00bbright\u00a0\u00bb xs_align=\u00a0\u00bbleft\u00a0\u00bb width=\u00a0\u00bb180&Prime; icon_font_size=\u00a0\u00bblg:14&Prime;][\/vc_column_inner][\/vc_row_inner][tm_spacer size=\u00a0\u00bblg:66&Prime;][tm_grid centered_items=\u00a0\u00bb1&Prime; equal_height=\u00a0\u00bb1&Prime; columns=\u00a0\u00bbxs:1;sm:2;md:3;lg:4&Prime; column_gutter=\u00a0\u00bblg:30&Prime; row_gutter=\u00a0\u00bblg:30&Prime;][tm_box_image image_size=\u00a0\u00bbfull\u00a0\u00bb align=\u00a0\u00bbcenter\u00a0\u00bb image=\u00a0\u00bb2832&Prime; heading=\u00a0\u00bbLavage de vitres int\u00e9rieur et ext\u00e9rieur\u00a0\u00bb text=\u00a0\u00bbAvec plus de 15 ans d&rsquo;expr\u00e9rience, WindowsXperts offre un lavage de vitres int\u00e9rieur et extr\u00e9rieur professionel.\u00a0\u00bb][tm_box_image image_size=\u00a0\u00bbfull\u00a0\u00bb align=\u00a0\u00bbcenter\u00a0\u00bb image=\u00a0\u00bb2835&Prime; heading=\u00a0\u00bbChangement d&rsquo;ampoules\u00a0\u00bb text=\u00a0\u00bbFaites confience \u00e0 WindowsXperts pour beaucoup plus que votre lavage de vitres! Nous offrons un service de changement d&rsquo;ampoule rapide et fiable pour toutes les types de luminaires quelque soit la hauteur!\u00a0\u00bb][tm_box_image image_size=\u00a0\u00bbfull\u00a0\u00bb align=\u00a0\u00bbcenter\u00a0\u00bb image=\u00a0\u00bb3050&Prime; heading=\u00a0\u00bbR\u00e9paration et entretien de moustiquaires\u00a0\u00bb text=\u00a0\u00bbAvez-vous un moustiquaire qui vous cause des ennuis? Appelez nous aujourd&rsquo;hui pour l&rsquo;entretien et le remplacement de tout types de moustiquaires.\u00a0\u00bb][tm_box_image image_size=\u00a0\u00bbfull\u00a0\u00bb align=\u00a0\u00bbcenter\u00a0\u00bb image=\u00a0\u00bb3052&Prime; heading=\u00a0\u00bbNettoyage de goutti\u00e8re\u00a0\u00bb text=\u00a0\u00bbAu cours des saisons, il est important de garder vos goutti\u00e8res propre pour assurer une bonne circulation d&rsquo;eau et garder l&rsquo;int\u00e9rieur de votre maison au sec. WindowsXperts vous assure un nettoyage de goutti\u00e8res rapide et professionnel pour tous les types de maisons.\u00a0\u00bb][tm_box_image image_size=\u00a0\u00bbfull\u00a0\u00bb align=\u00a0\u00bbcenter\u00a0\u00bb image=\u00a0\u00bb3163&Prime; heading=\u00a0\u00bbLavage sous pression\u00a0\u00bb text=\u00a0\u00bbRedonnez de l&rsquo;\u00e9clat \u00e0 vos fen\u00eatres gr\u00e2ce \u00e0 notre service expert de lavage \u00e0 pression. WindowsXperts \u00e9limine en toute s\u00e9curit\u00e9 la salet\u00e9, la crasse et les accumulations pour une finition impeccable et sans traces.\u00a0\u00bb][tm_box_image image_size=\u00a0\u00bbfull\u00a0\u00bb align=\u00a0\u00bbcenter\u00a0\u00bb image=\u00a0\u00bb3169&Prime; heading=\u00a0\u00bbNettoyer les lustres\u00a0\u00bb text=\u00a0\u00bbNous offrons un nettoyage professionnel et m\u00e9ticuleux pour les luminaires en cristal, en verre et anciens.\u00a0\u00bb][\/tm_grid][tm_spacer size=\u00a0\u00bblg:120&Prime;][\/vc_column][\/vc_row][vc_row full_width=\u00a0\u00bbstretch_row\u00a0\u00bb equal_height=\u00a0\u00bbyes\u00a0\u00bb content_placement=\u00a0\u00bbbottom\u00a0\u00bb background_color=\u00a0\u00bbcustom\u00a0\u00bb background_size=\u00a0\u00bbauto\u00a0\u00bb custom_background_color=\u00a0\u00bb#002fa6&Prime; background_image=\u00a0\u00bb379&Prime; lg_spacing=\u00a0\u00bbpadding_top:70;padding_bottom:70&Prime; background_position=\u00a0\u00bbtop right\u00a0\u00bb sm_spacing=\u00a0\u00bbpadding_top:100;padding_bottom:100&Prime;][vc_column width=\u00a0\u00bb1\/2&Prime;][tm_heading style=\u00a0\u00bbleft-line\u00a0\u00bb custom_google_font=\u00a0\u00bb\u00a0\u00bb text_color=\u00a0\u00bbcustom\u00a0\u00bb custom_text_color=\u00a0\u00bb#ffffff\u00a0\u00bb max_width=\u00a0\u00bb470px\u00a0\u00bb]Commencez votre projet d\u00e8s aujourd&rsquo;hui![\/tm_heading][tm_spacer size=\u00a0\u00bblg:12&Prime;][tm_heading tag=\u00a0\u00bbdiv\u00a0\u00bb custom_google_font=\u00a0\u00bb\u00a0\u00bb text_color=\u00a0\u00bbcustom\u00a0\u00bb custom_text_color=\u00a0\u00bb#ffffff\u00a0\u00bb font_size=\u00a0\u00bblg:18&Prime; line_height=\u00a0\u00bb1.67&Prime; css=\u00a0\u00bb.vc_custom_1617865144719{margin-left: 34px !important;}\u00a0\u00bb]Remplissez le formulaire ou appelez-nous et nous prendrons soin de vous.[\/tm_heading][tm_spacer size=\u00a0\u00bbxs:40&Prime;][\/vc_column][vc_column width=\u00a0\u00bb1\/2&Prime;][tm_icon icon_type=\u00a0\u00bbfontawesome5&Prime; icon_fontawesome5=\u00a0\u00bbfal fa-phone\u00a0\u00bb align=\u00a0\u00bbcenter\u00a0\u00bb icon_color=\u00a0\u00bbcustom\u00a0\u00bb custom_icon_color=\u00a0\u00bb#ffffff\u00a0\u00bb font_size=\u00a0\u00bblg:40&Prime;][tm_spacer size=\u00a0\u00bblg:16&Prime;][tm_heading style=\u00a0\u00bbmodern-02&Prime; custom_google_font=\u00a0\u00bb\u00a0\u00bb align=\u00a0\u00bbcenter\u00a0\u00bb text_color=\u00a0\u00bbcustom\u00a0\u00bb custom_text_color=\u00a0\u00bbrgba(255,255,255,0.8)\u00a0\u00bb]APPEL POUR PLUS D&rsquo;INFORMATIONS[\/tm_heading][tm_spacer size=\u00a0\u00bblg:3&Prime;][tm_heading custom_google_font=\u00a0\u00bb\u00a0\u00bb align=\u00a0\u00bbcenter\u00a0\u00bb text_color=\u00a0\u00bbsecondary\u00a0\u00bb hover_text_color=\u00a0\u00bbsecondary\u00a0\u00bb font_size=\u00a0\u00bbsm:36;md:42;lg:48&Prime; line_height=\u00a0\u00bb1.17&Prime;]514 979 2992[\/tm_heading][tm_spacer size=\u00a0\u00bblg:26&Prime;][tm_button size=\u00a0\u00bbcustom\u00a0\u00bb button=\u00a0\u00bburl:https%3A%2F%2Fwindowsxperts.com%2Ffr%2Festimatation%2F|title:Clicker%20ici%20pour%20une%20estimation%20gratuite\u00a0\u00bb align=\u00a0\u00bbcenter\u00a0\u00bb color=\u00a0\u00bbcustom\u00a0\u00bb button_bg_color=\u00a0\u00bbcustom\u00a0\u00bb font_color=\u00a0\u00bbprimary\u00a0\u00bb button_border_color=\u00a0\u00bbcustom\u00a0\u00bb button_bg_color_hover=\u00a0\u00bbsecondary\u00a0\u00bb font_color_hover=\u00a0\u00bbcustom\u00a0\u00bb button_border_color_hover=\u00a0\u00bbsecondary\u00a0\u00bb width=\u00a0\u00bb230&Prime; custom_button_bg_color=\u00a0\u00bb#ffffff\u00a0\u00bb custom_button_border_color=\u00a0\u00bb#ffffff\u00a0\u00bb custom_font_color_hover=\u00a0\u00bb#ffffff\u00a0\u00bb][\/vc_column][\/vc_row]<\/p>\n","protected":false},"author":1,"featured_media":0,"parent":0,"menu_order":0,"comment_status":"closed","ping_status":"closed","template":"","meta":{"footnotes":""},"class_list":["post-2895","page","type-page","status-publish","hentry","post-no-thumbnail"],"_links":{"self":[{"href":"https:\/\/windowsxperts.com\/fr\/wp-json\/wp\/v2\/pages\/2895","targetHints":{"allow":["GET"]}}],"collection":[{"href":"https:\/\/windowsxperts.com\/fr\/wp-json\/wp\/v2\/pages"}],"about":[{"href":"https:\/\/windowsxperts.com\/fr\/wp-json\/wp\/v2\/types\/page"}],"author":[{"embeddable":true,"href":"https:\/\/windowsxperts.com\/fr\/wp-json\/wp\/v2\/users\/1"}],"replies":[{"embeddable":true,"href":"https:\/\/windowsxperts.com\/fr\/wp-json\/wp\/v2\/comments?post=2895"}],"version-history":[{"count":5,"href":"https:\/\/windowsxperts.com\/fr\/wp-json\/wp\/v2\/pages\/2895\/revisions"}],"predecessor-version":[{"id":3171,"href":"https:\/\/windowsxperts.com\/fr\/wp-json\/wp\/v2\/pages\/2895\/revisions\/3171"}],"wp:attachment":[{"href":"https:\/\/windowsxperts.com\/fr\/wp-json\/wp\/v2\/media?parent=2895"}],"curies":[{"name":"wp","href":"https:\/\/api.w.org\/{rel}","templated":true}]}}