{"id":2901,"date":"2021-03-15T09:22:02","date_gmt":"2021-03-15T09:22:02","guid":{"rendered":"https:\/\/clientmeets.com\/windowexpert\/estimate\/"},"modified":"2021-04-12T09:43:04","modified_gmt":"2021-04-12T09:43:04","slug":"estimatation","status":"publish","type":"page","link":"https:\/\/windowsxperts.com\/fr\/estimatation\/","title":{"rendered":"Estimatation"},"content":{"rendered":"<p>[vc_row][vc_column width=\u00a0\u00bb1\/2&Prime;][tm_spacer size=\u00a0\u00bblg:100&Prime;][tm_heading tag=\u00a0\u00bbh4&Prime; custom_google_font=\u00a0\u00bb\u00a0\u00bb font_size=\u00a0\u00bbsm:28;md:34;lg:40&Prime; line_height=\u00a0\u00bb1.4&Prime;]Nous faisons <mark>tout!<\/mark>[\/tm_heading][tm_spacer size=\u00a0\u00bblg:40&Prime;][tm_list list_style=\u00a0\u00bbcheck\u00a0\u00bb marker_color=\u00a0\u00bbsecondary\u00a0\u00bb title_color=\u00a0\u00bbprimary\u00a0\u00bb columns=\u00a0\u00bbxs:1;lg:1&Prime; items=\u00a0\u00bb%5B%7B%22item_title%22%3A%22Lavage%20de%20vitres%20int%C3%A9rieur%20et%20ext%C3%A9rieur%22%7D%2C%7B%22item_title%22%3A%22Lavage%20de%20vitres%20ext%C3%A9rieur%20seulement%22%2C%22link%22%3A%22%7C%7C%7C%22%7D%2C%7B%22item_title%22%3A%22Remplacement%20d&rsquo;ampoules%22%7D%2C%7B%22item_title%22%3A%22R%C3%A9paration%20et%20entretien%20de%20moustiquaires%22%2C%22link%22%3A%22%7C%7C%7C%22%7D%2C%7B%22item_title%22%3A%22Nettoyage%20de%20goutti%C3%A8re%22%7D%2C%7B%22item_title%22%3A%22Nettoyage%20de%20garage%22%7D%2C%7B%22item_title%22%3A%22Installation%20de%20syst%C3%A8mes%20d&rsquo;organisation%20de%20garage%22%7D%2C%7B%22item_title%22%3A%22Contractuel%20(Peinture%2C%20electriciens%2C%20plomberie%2C%20r%C3%A9novations%2C%20etc)%22%7D%2C%7B%22item_title%22%3A%22Services%20professionels%22%7D%5D\u00a0\u00bb][tm_spacer size=\u00a0\u00bblg:50&Prime;][\/vc_column][vc_column width=\u00a0\u00bb1\/2&Prime;][tm_spacer size=\u00a0\u00bblg:100&Prime;][tm_heading tag=\u00a0\u00bbh4&Prime; custom_google_font=\u00a0\u00bb\u00a0\u00bb font_size=\u00a0\u00bbsm:28;md:34;lg:40&Prime; line_height=\u00a0\u00bb1.4&Prime;]Remplissez le formulaire <mark>ci-dessous<\/mark>[\/tm_heading][tm_spacer size=\u00a0\u00bblg:40&Prime;][vc_column_text]\n<div class=\"wpcf7 no-js\" id=\"wpcf7-f3090-o1\" lang=\"en-US\" dir=\"ltr\" data-wpcf7-id=\"3090\">\n<div class=\"screen-reader-response\"><p role=\"status\" aria-live=\"polite\" aria-atomic=\"true\"><\/p> <ul><\/ul><\/div>\n<form action=\"\/fr\/wp-json\/wp\/v2\/pages\/2901#wpcf7-f3090-o1\" method=\"post\" class=\"wpcf7-form init\" aria-label=\"Contact form\" novalidate=\"novalidate\" data-status=\"init\">\n<fieldset class=\"hidden-fields-container\"><input type=\"hidden\" name=\"_wpcf7\" value=\"3090\" \/><input type=\"hidden\" name=\"_wpcf7_version\" value=\"6.1.5\" \/><input type=\"hidden\" name=\"_wpcf7_locale\" value=\"en_US\" \/><input type=\"hidden\" name=\"_wpcf7_unit_tag\" value=\"wpcf7-f3090-o1\" \/><input type=\"hidden\" name=\"_wpcf7_container_post\" value=\"0\" \/><input type=\"hidden\" name=\"_wpcf7_posted_data_hash\" value=\"\" \/><input type=\"hidden\" name=\"_wpcf7_recaptcha_response\" value=\"\" \/>\n<\/fieldset>\n<p><label> Nom et pr\u00e9nom *<br \/>\n<span class=\"wpcf7-form-control-wrap\" data-name=\"estimate-name\"><input size=\"40\" maxlength=\"400\" class=\"wpcf7-form-control wpcf7-text wpcf7-validates-as-required\" aria-required=\"true\" aria-invalid=\"false\" placeholder=\"R\u00e9pondez ici...\" value=\"\" type=\"text\" name=\"estimate-name\" \/><\/span> <\/label>\n<\/p>\n<p><label> Num\u00e9ro de t\u00e9l\u00e9phone *<br \/>\n<span class=\"wpcf7-form-control-wrap\" data-name=\"estimate-phonetext\"><input size=\"40\" class=\"wpcf7-form-control wpcf7-phonetext wpcf7-validates-as-required wpcf7-text wpcf7-validates-as-phonetext\" data-numberonly=\"true\" aria-required=\"true\" aria-invalid=\"false\" placeholder=\"(506) 234-5678\" value=\"\" type=\"text\" name=\"estimate-phonetext\" \/><input type=\"hidden\" name=\"estimate-phonetext-country-code\" class=\"wpcf7-phonetext-country-code\" \/><\/span><br \/>\n<\/label>\n<\/p>\n<p><label> Courriel *<br \/>\n<span class=\"wpcf7-form-control-wrap\" data-name=\"estimate-email\"><input size=\"40\" maxlength=\"400\" class=\"wpcf7-form-control wpcf7-email wpcf7-validates-as-required wpcf7-text wpcf7-validates-as-email\" aria-required=\"true\" aria-invalid=\"false\" placeholder=\"nom@exemple.com\" value=\"\" type=\"email\" name=\"estimate-email\" \/><\/span> <\/label>\n<\/p>\n<p><label> Adresse<br \/>\n<span class=\"wpcf7-form-control-wrap\" data-name=\"estimate-street\"><input size=\"40\" maxlength=\"400\" class=\"wpcf7-form-control wpcf7-text\" aria-invalid=\"false\" value=\"R\u00e9pondez ici...\" type=\"text\" name=\"estimate-street\" \/><\/span><br \/>\n<\/label>\n<\/p>\n<p><label> Est-ce r\u00e9sidentiel ou commercial? *<br \/>\n<span class=\"wpcf7-form-control-wrap\" data-name=\"estimate-dropdown\"><select class=\"wpcf7-form-control wpcf7-select wpcf7-validates-as-required\" aria-required=\"true\" aria-invalid=\"false\" name=\"estimate-dropdown\"><option value=\"R\u00e9sidentiel\">R\u00e9sidentiel<\/option><option value=\"Commercial\">Commercial<\/option><\/select><\/span> <\/label>\n<\/p>\n<p><label> Que cherchez-vous: *<br \/>\n<span class=\"wpcf7-form-control-wrap\" data-name=\"estimate-checkbox\"><span class=\"wpcf7-form-control wpcf7-checkbox wpcf7-validates-as-required\"><span class=\"wpcf7-list-item first\"><label><input type=\"checkbox\" name=\"estimate-checkbox[]\" value=\"Lavage de vitres int\u00e9rieur\" \/><span class=\"wpcf7-list-item-label\">Lavage de vitres int\u00e9rieur<\/span><\/label><\/span><span class=\"wpcf7-list-item\"><label><input type=\"checkbox\" name=\"estimate-checkbox[]\" value=\"Lavage de vitres ext\u00e9rieur\" \/><span class=\"wpcf7-list-item-label\">Lavage de vitres ext\u00e9rieur<\/span><\/label><\/span><span class=\"wpcf7-list-item\"><label><input type=\"checkbox\" name=\"estimate-checkbox[]\" value=\"Remplacement d&#039;ampoules\" \/><span class=\"wpcf7-list-item-label\">Remplacement d&#039;ampoules<\/span><\/label><\/span><span class=\"wpcf7-list-item\"><label><input type=\"checkbox\" name=\"estimate-checkbox[]\" value=\"R\u00e9paration et entretien de moustiquaires\" \/><span class=\"wpcf7-list-item-label\">R\u00e9paration et entretien de moustiquaires<\/span><\/label><\/span><span class=\"wpcf7-list-item\"><label><input type=\"checkbox\" name=\"estimate-checkbox[]\" value=\"Nettoyage de goutti\u00e8res\" \/><span class=\"wpcf7-list-item-label\">Nettoyage de goutti\u00e8res<\/span><\/label><\/span><span class=\"wpcf7-list-item\"><label><input type=\"checkbox\" name=\"estimate-checkbox[]\" value=\"Nettoyage de garage\" \/><span class=\"wpcf7-list-item-label\">Nettoyage de garage<\/span><\/label><\/span><span class=\"wpcf7-list-item\"><label><input type=\"checkbox\" name=\"estimate-checkbox[]\" value=\"Installation de syst\u00e8mes d&#039;organisation de garage\" \/><span class=\"wpcf7-list-item-label\">Installation de syst\u00e8mes d&#039;organisation de garage<\/span><\/label><\/span><span class=\"wpcf7-list-item last\"><label><input type=\"checkbox\" name=\"estimate-checkbox[]\" value=\"Contracteurs\" \/><span class=\"wpcf7-list-item-label\">Contracteurs<\/span><\/label><\/span><\/span><\/span><br \/>\n<\/label>\n<\/p>\n<p><label> Information additionel<br \/>\n<span class=\"wpcf7-form-control-wrap\" data-name=\"estimate-message\"><textarea cols=\"40\" rows=\"4\" maxlength=\"2000\" class=\"wpcf7-form-control wpcf7-textarea\" aria-invalid=\"false\" placeholder=\"R\u00e9pondez ici...\" name=\"estimate-message\"><\/textarea><\/span> <\/label>\n<\/p>\n<p><input class=\"wpcf7-form-control wpcf7-submit has-spinner\" type=\"submit\" value=\"Envoyer\" \/>\n<\/p><div class=\"wpcf7-response-output\" aria-hidden=\"true\"><\/div>\n<\/form>\n<\/div>\n[\/vc_column_text][tm_spacer size=\u00a0\u00bbsm:60;lg:100&Prime;][\/vc_column][\/vc_row]<\/p>\n","protected":false},"excerpt":{"rendered":"<p>[vc_row][vc_column width=\u00a0\u00bb1\/2&Prime;][tm_spacer size=\u00a0\u00bblg:100&Prime;][tm_heading tag=\u00a0\u00bbh4&Prime; custom_google_font=\u00a0\u00bb\u00a0\u00bb font_size=\u00a0\u00bbsm:28;md:34;lg:40&Prime; line_height=\u00a0\u00bb1.4&Prime;]Nous faisons tout![\/tm_heading][tm_spacer size=\u00a0\u00bblg:40&Prime;][tm_list list_style=\u00a0\u00bbcheck\u00a0\u00bb marker_color=\u00a0\u00bbsecondary\u00a0\u00bb title_color=\u00a0\u00bbprimary\u00a0\u00bb columns=\u00a0\u00bbxs:1;lg:1&Prime; items=\u00a0\u00bb%5B%7B%22item_title%22%3A%22Lavage%20de%20vitres%20int%C3%A9rieur%20et%20ext%C3%A9rieur%22%7D%2C%7B%22item_title%22%3A%22Lavage%20de%20vitres%20ext%C3%A9rieur%20seulement%22%2C%22link%22%3A%22%7C%7C%7C%22%7D%2C%7B%22item_title%22%3A%22Remplacement%20d&rsquo;ampoules%22%7D%2C%7B%22item_title%22%3A%22R%C3%A9paration%20et%20entretien%20de%20moustiquaires%22%2C%22link%22%3A%22%7C%7C%7C%22%7D%2C%7B%22item_title%22%3A%22Nettoyage%20de%20goutti%C3%A8re%22%7D%2C%7B%22item_title%22%3A%22Nettoyage%20de%20garage%22%7D%2C%7B%22item_title%22%3A%22Installation%20de%20syst%C3%A8mes%20d&rsquo;organisation%20de%20garage%22%7D%2C%7B%22item_title%22%3A%22Contractuel%20(Peinture%2C%20electriciens%2C%20plomberie%2C%20r%C3%A9novations%2C%20etc)%22%7D%2C%7B%22item_title%22%3A%22Services%20professionels%22%7D%5D\u00a0\u00bb][tm_spacer size=\u00a0\u00bblg:50&Prime;][\/vc_column][vc_column width=\u00a0\u00bb1\/2&Prime;][tm_spacer size=\u00a0\u00bblg:100&Prime;][tm_heading tag=\u00a0\u00bbh4&Prime; custom_google_font=\u00a0\u00bb\u00a0\u00bb font_size=\u00a0\u00bbsm:28;md:34;lg:40&Prime; line_height=\u00a0\u00bb1.4&Prime;]Remplissez le formulaire ci-dessous[\/tm_heading][tm_spacer size=\u00a0\u00bblg:40&Prime;][vc_column_text][\/vc_column_text][tm_spacer size=\u00a0\u00bbsm:60;lg:100&Prime;][\/vc_column][\/vc_row]<\/p>\n","protected":false},"author":1,"featured_media":0,"parent":0,"menu_order":0,"comment_status":"closed","ping_status":"closed","template":"","meta":{"footnotes":""},"class_list":["post-2901","page","type-page","status-publish","hentry","post-no-thumbnail"],"_links":{"self":[{"href":"https:\/\/windowsxperts.com\/fr\/wp-json\/wp\/v2\/pages\/2901","targetHints":{"allow":["GET"]}}],"collection":[{"href":"https:\/\/windowsxperts.com\/fr\/wp-json\/wp\/v2\/pages"}],"about":[{"href":"https:\/\/windowsxperts.com\/fr\/wp-json\/wp\/v2\/types\/page"}],"author":[{"embeddable":true,"href":"https:\/\/windowsxperts.com\/fr\/wp-json\/wp\/v2\/users\/1"}],"replies":[{"embeddable":true,"href":"https:\/\/windowsxperts.com\/fr\/wp-json\/wp\/v2\/comments?post=2901"}],"version-history":[{"count":8,"href":"https:\/\/windowsxperts.com\/fr\/wp-json\/wp\/v2\/pages\/2901\/revisions"}],"predecessor-version":[{"id":3100,"href":"https:\/\/windowsxperts.com\/fr\/wp-json\/wp\/v2\/pages\/2901\/revisions\/3100"}],"wp:attachment":[{"href":"https:\/\/windowsxperts.com\/fr\/wp-json\/wp\/v2\/media?parent=2901"}],"curies":[{"name":"wp","href":"https:\/\/api.w.org\/{rel}","templated":true}]}}